{"id":123,"date":"2016-11-09T11:11:29","date_gmt":"2016-11-09T11:11:29","guid":{"rendered":"http:\/\/viewdemo.co\/constructionexwp\/?page_id=123"},"modified":"2025-11-14T15:09:29","modified_gmt":"2025-11-14T15:09:29","slug":"main","status":"publish","type":"page","link":"http:\/\/www.okaninsaat.com\/","title":{"rendered":"Main"},"content":{"rendered":"<div class=\"wpb-content-wrapper\"><p>[vc_row full_width=&#8221;stretch_row_content_no_spaces&#8221;][vc_column][chase_slider][chase_slider_item icon_type=&#8221;con_icon&#8221; con_icon=&#8221;icon-ic-01&#8243; fbutton_show=&#8221;show&#8221; fb_arrow=&#8221;show&#8221; title=&#8221;G\u00fcvenle \u0130n\u015fa Ediyoruz!&#8221; text=&#8221;Projelerimizde en y\u00fcksek kalite standartlar\u0131n\u0131 benimsiyor, uzun \u00f6m\u00fcrl\u00fc ve g\u00fcvenilir yap\u0131lar in\u015fa ediyoruz. Gelece\u011finize sa\u011flam ad\u0131mlarla ilerlemek i\u00e7in bizimle tan\u0131\u015f\u0131n!&#8221; ntitle=&#8221;Sa\u011flam ve G\u00fcvenli Yap\u0131lar&#8221; stitle=&#8221;Hayalinizdeki Yap\u0131y\u0131 \u0130n\u015fa Edelim&#8221; fbutton=&#8221;url:https%3A%2F%2Fwww.okaninsaat.com%2Findex.php%2Fproject%2Filetisim-kur%2F|title:%C4%B0leti%C5%9Fim%20Kur&#8221; image=&#8221;2100&#8243; fbt_color=&#8221;#ffffff&#8221; bg_color=&#8221;rgba(0,0,0,0.4)&#8221;][chase_slider_item icon_type=&#8221;con_icon&#8221; con_icon=&#8221;icon-ic-02&#8243; fbutton_show=&#8221;show&#8221; fb_arrow=&#8221;show&#8221; title=&#8221;Modern ve Estetik Yap\u0131lar&#8221; text=&#8221;Estetik ve fonksiyonelli\u011fi bir araya getirerek, ya\u015fam alanlar\u0131n\u0131za de\u011fer kat\u0131yoruz. Modern tasar\u0131mlar\u0131m\u0131zla konforu ve kaliteyi hissedin!&#8221; ntitle=&#8221;Nas\u0131l \u00c7al\u0131\u015f\u0131yoruz?&#8221; stitle=&#8221;\u0130leri teknoloji ve uzmanl\u0131k ile in\u015fa ediyoruz.&#8221; image=&#8221;2102&#8243; fbutton=&#8221;url:https%3A%2F%2Fwww.okaninsaat.com%2Findex.php%2Fproject%2Filetisim-kur%2F|title:%C4%B0leti%C5%9Fim%20Kur&#8221; fbt_color=&#8221;#ffffff&#8221; bg_color=&#8221;rgba(0,0,0,0.4)&#8221;][chase_slider_item icon_type=&#8221;con_icon&#8221; con_icon=&#8221;icon-ic-03&#8243; fbutton_show=&#8221;show&#8221; fb_arrow=&#8221;show&#8221; title=&#8221;\u0130n\u015faatta Yenilik\u00e7i \u00c7\u00f6z\u00fcmler&#8221; text=&#8221;Sekt\u00f6r\u00fcn en yeni teknolojilerini kullanarak, verimli ve s\u00fcrd\u00fcr\u00fclebilir projelere imza at\u0131yoruz. Ak\u0131ll\u0131 bina sistemleri ve yenilik\u00e7i \u00e7\u00f6z\u00fcmlerle gelece\u011fi bug\u00fcnden in\u015fa ediyoruz!&#8221; ntitle=&#8221;Ne Yap\u0131yoruz?&#8221; stitle=&#8221;Estetik, g\u00fcvenli ve modern projeler \u00fcretiyoruz.&#8221; image=&#8221;2103&#8243; fbutton=&#8221;url:https%3A%2F%2Fwww.okaninsaat.com%2Findex.php%2Fproject%2Filetisim-kur%2F|title:%C4%B0leti%C5%9Fim%20Kur&#8221; fbt_color=&#8221;#ffffff&#8221; bg_color=&#8221;rgba(0,0,0,0.4)&#8221;][chase_slider_item icon_type=&#8221;con_icon&#8221; con_icon=&#8221;icon-ic-04&#8243; fbutton_show=&#8221;show&#8221; fb_arrow=&#8221;show&#8221; title=&#8221;Hayallerinizi Ger\u00e7e\u011fe D\u00f6n\u00fc\u015ft\u00fcr\u00fcyoruz!&#8221; text=&#8221;Sadece yap\u0131lar de\u011fil, ya\u015fam alanlar\u0131 olu\u015fturuyoruz! \u0130htiya\u00e7lar\u0131n\u0131za \u00f6zel projelerimizle konforlu, sa\u011flam ve estetik mekanlar tasarl\u0131yoruz.&#8221; ntitle=&#8221;Teklif Al\u0131n&#8221; stitle=&#8221;Size \u00f6zel \u00e7\u00f6z\u00fcmler i\u00e7in bizimle ileti\u015fime ge\u00e7in.&#8221; fbutton=&#8221;url:https%3A%2F%2Fwww.okaninsaat.com%2Findex.php%2Fproject%2Filetisim-kur%2F|title:%C4%B0leti%C5%9Fim%20Kur&#8221; bg_color=&#8221;rgba(0,0,0,0.4)&#8221; image=&#8221;2104&#8243;][\/chase_slider][\/vc_column][\/vc_row][vc_row desctop_mt=&#8221;margin-md-15t&#8221; desctop_pt=&#8221;padding-md-100t&#8221; tablets_pt=&#8221;padding-sm-50t&#8221; mobile_pt=&#8221;padding-xs-30t&#8221;][vc_column][chase_title title=&#8221;Neden Okan \u0130n\u015faat?&#8221; text=&#8221;Neden Biz?&#8221;][\/vc_column][\/vc_row][vc_row desctop_pb=&#8221;padding-md-100b&#8221; tablets_pb=&#8221;padding-sm-0b&#8221; mobile_pb=&#8221;padding-xs-0b&#8221;][vc_column width=&#8221;1\/2&#8243; tablets_mb=&#8221;margin-sm-30b&#8221; mobile_mb=&#8221;margin-xs-30b&#8221; offset=&#8221;vc_col-md-3 vc_col-sm-offset-0 vc_col-xs-offset-1 vc_col-xs-10&#8243;][chase_text_block style=&#8221;style2&#8243; title_tag=&#8221;h3&#8243; title=&#8221;G\u00fcvenilirlik:&#8221; image=&#8221;2108&#8243;]&#8221;Projelerimizi zaman\u0131nda ve eksiksiz teslim ediyor, m\u00fc\u015fterilerimizin beklentilerini a\u015fmay\u0131 hedefliyoruz.&#8221;[\/chase_text_block][\/vc_column][vc_column width=&#8221;1\/2&#8243; tablets_mb=&#8221;margin-sm-30b&#8221; mobile_mb=&#8221;margin-xs-30b&#8221; offset=&#8221;vc_col-md-3 vc_col-sm-offset-0 vc_col-xs-offset-1 vc_col-xs-10&#8243;][chase_text_block style=&#8221;style2&#8243; title_tag=&#8221;h3&#8243; title=&#8221;Kalite:&#8221; image=&#8221;2109&#8243;]&#8221;Her a\u015famada titizlikle uygulanan kalite standartlar\u0131m\u0131z, uzun \u00f6m\u00fcrl\u00fc ve sa\u011flam yap\u0131lar ortaya koymam\u0131z\u0131 sa\u011fl\u0131yor.&#8221;[\/chase_text_block][\/vc_column][vc_column width=&#8221;1\/2&#8243; tablets_mb=&#8221;margin-sm-30b&#8221; mobile_mb=&#8221;margin-xs-30b&#8221; offset=&#8221;vc_col-md-3 vc_col-sm-offset-0 vc_col-xs-offset-1 vc_col-xs-10&#8243;][chase_text_block style=&#8221;style2&#8243; title_tag=&#8221;h3&#8243; title=&#8221;Yenilik\u00e7ilik:&#8221; image=&#8221;2110&#8243;]&#8221;En yeni teknolojileri ve modern tasar\u0131m anlay\u0131\u015f\u0131n\u0131 projelerimize entegre ediyor, sekt\u00f6re y\u00f6n veren \u00e7\u00f6z\u00fcmler sunuyoruz.&#8221;[\/chase_text_block][\/vc_column][vc_column width=&#8221;1\/2&#8243; offset=&#8221;vc_col-md-3 vc_col-sm-offset-0 vc_col-xs-offset-1 vc_col-xs-10&#8243;][chase_text_block style=&#8221;style2&#8243; title_tag=&#8221;h3&#8243; title=&#8221;Tecr\u00fcbeli Ekip:&#8221; image=&#8221;2112&#8243;]&#8221;Alan\u0131nda uzman m\u00fchendis, mimar ve teknik ekiplerimiz ile projelerinizde profesyonel hizmet garantisi veriyoruz.&#8221;[\/chase_text_block][\/vc_column][\/vc_row][vc_row full_width=&#8221;stretch_row&#8221; equal_height=&#8221;yes&#8221; css=&#8221;.vc_custom_1526541153736{background-color: #262626 !important;}&#8221;][vc_column width=&#8221;5\/6&#8243; desctop_mt=&#8221;margin-md-50t&#8221; desctop_mb=&#8221;margin-md-30b&#8221; css=&#8221;.vc_custom_1522418601837{padding-top: 0px !important;padding-bottom: 0px !important;}&#8221; offset=&#8221;vc_col-md-offset-0 vc_col-md-6 vc_col-sm-offset-1&#8243;][chase_icon_text style=&#8221;style6&#8243; icon_type=&#8221;con_icon&#8221; con_icon=&#8221;icon-ic-05&#8243; title=&#8221;Ya\u015fam Alanlar\u0131n\u0131z\u0131 \u015eekillendiriyoruz&#8221; text=&#8221;Duis nec risus ac dolor ullamcorper malesuada. Nam quis tortor ipsum. Vestibulum quis lorem tellus finibus suscipit curabitur dapibus sollicitud.&#8221;]Modern, konforlu ve g\u00fcvenli yap\u0131larla hayallerinizi ger\u00e7e\u011fe d\u00f6n\u00fc\u015ft\u00fcr\u00fcyoruz.[\/chase_icon_text][chase_icon_text style=&#8221;style6&#8243; icon_type=&#8221;con_icon&#8221; con_icon=&#8221;icon-ic-06&#8243; title=&#8221;\u0130\u015f D\u00fcnyas\u0131na De\u011fer Kat\u0131yoruz&#8221; text=&#8221;Duis nec risus ac dolor ullamcorper malesuada. Nam quis tortor ipsum. Vestibulum quis lorem tellus finibus suscipit curabitur dapibus sollicitud.&#8221;]Fonksiyonel ve estetik ticari yap\u0131larla i\u015finizin b\u00fcy\u00fcmesine destek oluyoruz.[\/chase_icon_text][chase_icon_text style=&#8221;style6&#8243; icon_type=&#8221;con_icon&#8221; con_icon=&#8221;icon-ic-07&#8243; title=&#8221;Ge\u00e7mi\u015fi Koruyarak Yeniliyoruz&#8221; text=&#8221;Duis nec risus ac dolor ullamcorper malesuada. Nam quis tortor ipsum. Vestibulum quis lorem tellus finibus suscipit curabitur dapibus sollicitud.&#8221;]Tarihi ve k\u00fclt\u00fcrel yap\u0131lar\u0131 modern dokunu\u015flarla gelece\u011fe ta\u015f\u0131yoruz.[\/chase_icon_text][\/vc_column][vc_column width=&#8221;5\/6&#8243; css=&#8221;.vc_custom_1524484163133{padding-top: 0px !important;}&#8221; offset=&#8221;vc_col-md-offset-0 vc_col-md-6 vc_col-sm-offset-1&#8243; el_class=&#8221;abImage&#8221;][chase_banner style=&#8221;style2&#8243; image=&#8221;2106&#8243; text=&#8221;Ut non neque sed augue commodo venenatis iaculis ac diam. Cum sociis natoque penatibus et magnis dis part.&#8221; button=&#8221;|||&#8221;][\/chase_banner][\/vc_column][\/vc_row][vc_row desctop_pt=&#8221;padding-md-100t&#8221; tablets_pt=&#8221;padding-sm-50t&#8221; mobile_pt=&#8221;padding-xs-40t&#8221;][vc_column][chase_title title=&#8221;Hizmetlerimiz&#8221; text=&#8221;Hizmetlerimiz&#8221;][\/vc_column][\/vc_row][vc_row desctop_mb=&#8221;margin-md-100b&#8221;][vc_column][vc_row_inner][vc_column_inner width=&#8221;1\/2&#8243; offset=&#8221;vc_col-md-3 vc_col-sm-offset-0 vc_col-xs-offset-1 vc_col-xs-10&#8243; css=&#8221;.vc_custom_1524229412834{margin-bottom: 30px !important;}&#8221;][chase_icon_text style=&#8221;style7&#8243; icon_type=&#8221;con_icon&#8221; con_icon=&#8221;icon-ic-08&#8243; title=&#8221;Konut \u0130n\u015faat\u0131:&#8221; text=&#8221;Ut vitae eros ipsum. Supeise accumsan eros nunc, et bumagna asso scelerue vitae.&#8221; ficon=&#8221;fa fa-envelope-open&#8221;]&#8221;Modern ya\u015fam\u0131n gereksinimlerini kar\u015f\u0131layacak, konforlu ve g\u00fcvenli ya\u015fam alanlar\u0131 tasarl\u0131yor, in\u015fa ediyoruz. Estetik ve fonksiyonelli\u011fi bir araya getirerek, hayalinizdeki evi ger\u00e7e\u011fe d\u00f6n\u00fc\u015ft\u00fcr\u00fcyoruz.&#8221;[\/chase_icon_text][\/vc_column_inner][vc_column_inner width=&#8221;1\/2&#8243; offset=&#8221;vc_col-md-3 vc_col-sm-offset-0 vc_col-xs-offset-1 vc_col-xs-10&#8243; css=&#8221;.vc_custom_1524229418714{margin-bottom: 30px !important;}&#8221;][chase_icon_text style=&#8221;style7&#8243; icon_type=&#8221;con_icon&#8221; con_icon=&#8221;icon-ic-09&#8243; title=&#8221;Ticari Yap\u0131lar:&#8221; text=&#8221;Ut vitae eros ipsum. Supeise accumsan eros nunc, et bumagna asso scelerue vitae.&#8221;]&#8221;Ofis, al\u0131\u015fveri\u015f merkezi ve di\u011fer ticari mekan projelerinde, i\u015flevselli\u011fi ve modern tasar\u0131m\u0131 \u00f6n planda tutuyoruz. \u0130\u015f d\u00fcnyas\u0131n\u0131n dinamiklerine uygun, kaliteli yap\u0131lar in\u015fa ediyoruz.&#8221;[\/chase_icon_text][\/vc_column_inner][vc_column_inner width=&#8221;1\/2&#8243; offset=&#8221;vc_col-md-3 vc_col-sm-offset-0 vc_col-xs-offset-1 vc_col-xs-10&#8243; css=&#8221;.vc_custom_1525263392983{margin-bottom: 30px !important;}&#8221;][chase_icon_text style=&#8221;style7&#8243; icon_type=&#8221;con_icon&#8221; con_icon=&#8221;icon-ic-10&#8243; title=&#8221;End\u00fcstriyel Projeler:&#8221; text=&#8221;Ut vitae eros ipsum. Supeise accumsan eros nunc, et bumagna asso scelerue vitae.&#8221;]&#8221;Fabrika, depo ve lojistik merkezleri gibi end\u00fcstriyel alanlarda, teknik donan\u0131m ve g\u00fcvenli\u011fi \u00f6n planda tutan projeler geli\u015ftiriyoruz. Verimlili\u011fi ve s\u00fcrd\u00fcr\u00fclebilirli\u011fi hedefleyen yap\u0131lar tasarl\u0131yoruz.&#8221;[\/chase_icon_text][\/vc_column_inner][vc_column_inner width=&#8221;1\/2&#8243; offset=&#8221;vc_col-md-3 vc_col-sm-offset-0 vc_col-xs-offset-1 vc_col-xs-10&#8243;][chase_icon_text style=&#8221;style7&#8243; icon_type=&#8221;con_icon&#8221; con_icon=&#8221;icon-ic-11&#8243; title=&#8221;Yenileme ve Restorasyon:&#8221; text=&#8221;Ut vitae eros ipsum. Supeise accumsan eros nunc, et bumagna asso scelerue vitae.&#8221;]&#8221;Mevcut yap\u0131lar\u0131n\u0131za de\u011fer katmak, estetik ve i\u015flevselli\u011fini art\u0131rmak i\u00e7in yenileme ve restorasyon hizmetleri sunuyoruz. Tarihi ve k\u00fclt\u00fcrel miras\u0131 koruyarak modern dokunu\u015flar ekliyoruz.&#8221;[\/chase_icon_text][\/vc_column_inner][\/vc_row_inner][\/vc_column][\/vc_row][vc_row full_width=&#8221;stretch_row&#8221; desctop_pt=&#8221;padding-md-100t&#8221; desctop_pb=&#8221;padding-md-80b&#8221; tablets_pt=&#8221;padding-sm-50t&#8221; tablets_pb=&#8221;padding-sm-50b&#8221; mobile_pt=&#8221;padding-xs-40t&#8221; mobile_pb=&#8221;padding-xs-40b&#8221; css=&#8221;.vc_custom_1522421927215{background-image: url(http:\/\/chade.foxthemes.me\/wp-content\/uploads\/2018\/03\/clients_bg.jpg?id=418) !important;background-position: center !important;background-repeat: no-repeat !important;background-size: cover !important;}&#8221; el_class=&#8221;banner-overlay&#8221;][vc_column][\/vc_column][\/vc_row][vc_row full_width=&#8221;stretch_row_content_no_spaces&#8221;][vc_column][chase_banner image=&#8221;365&#8243; title=&#8221;Bize Ula\u015f\u0131n&#8221; text=&#8221;Integer mattis, orci id laoreet vulputate, urna diam gravida elit, sit amet scelerisque orci dolor id risus.<br \/>\nCras ullamcorper lacus sapien. Vivamus ante magna, congue quis semper quis, ullamcorper et nisi.<br \/>\nAliquam ut scelerisque enim. Ut porta condimentum nisi, eget porttitor lacus mollis id.&#8221; css=&#8221;.vc_custom_1763132965255{background-position: 0 0 !important;background-repeat: no-repeat !important;}&#8221; button=&#8221;url:https%3A%2F%2Fwww.okaninsaat.com%2Findex.php%2Fproject%2Filetisim-kur%2F|title:%C4%B0leti%C5%9Fim%20Kur&#8221;]&#8221;Projeleriniz hakk\u0131nda bilgi almak veya bizimle i\u015fbirli\u011fi yapmak isterseniz, a\u015fa\u011f\u0131daki ileti\u015fim bilgileri \u00fczerinden bize ula\u015fabilirsiniz. M\u00fc\u015fteri memnuniyetini her zaman \u00f6n planda tutuyor, her sorunuz i\u00e7in yan\u0131t vermekten memnuniyet duyuyoruz.&#8221;[\/chase_banner][\/vc_column][\/vc_row]<\/p>\n<\/div>","protected":false},"excerpt":{"rendered":"<p>[vc_row full_width=&#8221;stretch_row_content_no_spaces&#8221;][vc_column][chase_slider][chase_slider_item icon_type=&#8221;con_icon&#8221; con_icon=&#8221;icon-ic-01&#8243; fbutton_show=&#8221;show&#8221; fb_arrow=&#8221;show&#8221; title=&#8221;G\u00fcvenle \u0130n\u015fa Ediyoruz!&#8221; text=&#8221;Projelerimizde en y\u00fcksek kalite standartlar\u0131n\u0131 benimsiyor, uzun \u00f6m\u00fcrl\u00fc ve g\u00fcvenilir yap\u0131lar in\u015fa ediyoruz. Gelece\u011finize sa\u011flam ad\u0131mlarla ilerlemek i\u00e7in bizimle tan\u0131\u015f\u0131n!&#8221; ntitle=&#8221;Sa\u011flam ve G\u00fcvenli Yap\u0131lar&#8221; stitle=&#8221;Hayalinizdeki Yap\u0131y\u0131 \u0130n\u015fa Edelim&#8221; fbutton=&#8221;url:https%3A%2F%2Fwww.okaninsaat.com%2Findex.php%2Fproject%2Filetisim-kur%2F|title:%C4%B0leti%C5%9Fim%20Kur&#8221; image=&#8221;2100&#8243; fbt_color=&#8221;#ffffff&#8221; bg_color=&#8221;rgba(0,0,0,0.4)&#8221;][chase_slider_item icon_type=&#8221;con_icon&#8221; con_icon=&#8221;icon-ic-02&#8243; fbutton_show=&#8221;show&#8221; fb_arrow=&#8221;show&#8221; title=&#8221;Modern ve Estetik Yap\u0131lar&#8221; text=&#8221;Estetik ve fonksiyonelli\u011fi bir araya getirerek, [&hellip;]<\/p>\n","protected":false},"author":1,"featured_media":0,"parent":0,"menu_order":0,"comment_status":"closed","ping_status":"closed","template":"","meta":{"footnotes":""},"class_list":["post-123","page","type-page","status-publish","hentry"],"_links":{"self":[{"href":"http:\/\/www.okaninsaat.com\/index.php\/wp-json\/wp\/v2\/pages\/123","targetHints":{"allow":["GET"]}}],"collection":[{"href":"http:\/\/www.okaninsaat.com\/index.php\/wp-json\/wp\/v2\/pages"}],"about":[{"href":"http:\/\/www.okaninsaat.com\/index.php\/wp-json\/wp\/v2\/types\/page"}],"author":[{"embeddable":true,"href":"http:\/\/www.okaninsaat.com\/index.php\/wp-json\/wp\/v2\/users\/1"}],"replies":[{"embeddable":true,"href":"http:\/\/www.okaninsaat.com\/index.php\/wp-json\/wp\/v2\/comments?post=123"}],"version-history":[{"count":21,"href":"http:\/\/www.okaninsaat.com\/index.php\/wp-json\/wp\/v2\/pages\/123\/revisions"}],"predecessor-version":[{"id":2166,"href":"http:\/\/www.okaninsaat.com\/index.php\/wp-json\/wp\/v2\/pages\/123\/revisions\/2166"}],"wp:attachment":[{"href":"http:\/\/www.okaninsaat.com\/index.php\/wp-json\/wp\/v2\/media?parent=123"}],"curies":[{"name":"wp","href":"https:\/\/api.w.org\/{rel}","templated":true}]}}